{"id":1265,"date":"2016-05-25T11:39:27","date_gmt":"2016-05-25T11:39:27","guid":{"rendered":"http:\/\/killthetv.com\/?page_id=1265"},"modified":"2016-05-25T11:39:27","modified_gmt":"2016-05-25T11:39:27","slug":"kill-the-fest","status":"publish","type":"page","link":"http:\/\/killthetv.com\/es\/home\/kill-the-fest\/","title":{"rendered":"KILL THE FEST"},"content":{"rendered":"<p>Kill the Fest es la primera fiesta organizada por Kill the TV. Una noche electr\u00f3nica m\u00e1gica en la que actuaron We are not Brothers, The Suicide of Western Culture, Jupiter Lion&#8217;s dj set y Kill the TV dj set. El evento tiene vocaci\u00f3n de continuidad. Se desarroll\u00f3 en el Club Gordo de la zona de Russafa, en Val\u00e8ncia, una sala underground, inclu\u00edda en el complejo de Picadilly. El dise\u00f1o del cartel fue obra del ilustrador Luis Demano.<!--more--><\/p>\n<p><a href=\"http:\/\/killthetv.com\/cms\/wp-content\/uploads\/CARTEL-KILL-THE-FEST1.jpg\"><img loading=\"lazy\" class=\"alignnone size-medium wp-image-1270\" src=\"http:\/\/killthetv.com\/cms\/wp-content\/uploads\/CARTEL-KILL-THE-FEST1-214x300.jpg\" alt=\"CARTEL KILL THE FEST\" width=\"214\" height=\"300\" \/><\/a><\/p>\n<p>&nbsp;<\/p>\n","protected":false},"excerpt":{"rendered":"<p>Kill the Fest es la primera fiesta organizada por Kill the TV. Una noche electr\u00f3nica m\u00e1gica en la que actuaron We are not Brothers, The Suicide of Western Culture, Jupiter Lion&#8217;s dj set y Kill the TV dj set. El evento tiene vocaci\u00f3n de continuidad. Se desarroll\u00f3 en el Club Gordo de la zona de [&hellip;]<\/p>\n","protected":false},"author":1,"featured_media":0,"parent":728,"menu_order":99,"comment_status":"closed","ping_status":"closed","template":"","meta":[],"_links":{"self":[{"href":"http:\/\/killthetv.com\/es\/wp-json\/wp\/v2\/pages\/1265"}],"collection":[{"href":"http:\/\/killthetv.com\/es\/wp-json\/wp\/v2\/pages"}],"about":[{"href":"http:\/\/killthetv.com\/es\/wp-json\/wp\/v2\/types\/page"}],"author":[{"embeddable":true,"href":"http:\/\/killthetv.com\/es\/wp-json\/wp\/v2\/users\/1"}],"replies":[{"embeddable":true,"href":"http:\/\/killthetv.com\/es\/wp-json\/wp\/v2\/comments?post=1265"}],"version-history":[{"count":0,"href":"http:\/\/killthetv.com\/es\/wp-json\/wp\/v2\/pages\/1265\/revisions"}],"up":[{"embeddable":true,"href":"http:\/\/killthetv.com\/es\/wp-json\/wp\/v2\/pages\/728"}],"wp:attachment":[{"href":"http:\/\/killthetv.com\/es\/wp-json\/wp\/v2\/media?parent=1265"}],"curies":[{"name":"wp","href":"https:\/\/api.w.org\/{rel}","templated":true}]}}