{"id":729,"date":"2013-09-11T09:42:21","date_gmt":"2013-09-11T09:42:21","guid":{"rendered":"http:\/\/visia.themes.pixelentity.com\/?page_id=60"},"modified":"2020-09-10T16:27:10","modified_gmt":"2020-09-10T16:27:10","slug":"about","status":"publish","type":"page","link":"http:\/\/killthetv.com\/en\/about\/","title":{"rendered":"About"},"content":{"rendered":"<p>[vc_row 0=&#8221;&#8221;][vc_column 0=&#8221;&#8221;][vc_column_text 0=&#8221;&#8221;]David Bowie encouraged us to be heroes (just for one day), Lou Reed taught us to walk on the wild side of life and Kraftwerk made us love computers. When we aren&#8217;t letting our hair down on the front row of a concert or twisting and turning our bodies on a dance floor, we spend our time creating audio-visual devices using music as an excuse&#8230; don&#8217;t we?<\/p>\n<p style=\"text-align: center;\">I\u00f1aki &amp; Ferran<\/p>\n<p>[\/vc_column_text][vc_empty_space][\/vc_column][\/vc_row][vc_row full_width=&#8221;stretch_row_content&#8221; css_animation=&#8221;fadeIn&#8221; css=&#8221;.vc_custom_1499724383846{padding-top: 0px !important;padding-right: 0px !important;padding-bottom: 0px !important;padding-left: 0px !important;}&#8221;][vc_column 0=&#8221;&#8221;]<div id=\"ult-carousel-51368832469e8b54dc789b\" class=\"ult-carousel-wrapper   ult_full_width\" data-gutter=\"0\" data-rtl=\"false\" ><div class=\"ult-carousel-180279855169e8b54dc788a \" >[vc_custom_heading text=&#8221;\u00abGriegos, romanos, son todos humanos.<br \/>\nMientras vivieron, columnas construyeron\u00bb<br \/>\nLAS BISTECS, &#8216;HDA'&#8221; font_container=&#8221;tag:div|font_size:48|text_align:center|color:%23ffffff&#8221; google_fonts=&#8221;font_family:Titillium%20Web%3A200%2C200italic%2C300%2C300italic%2Cregular%2Citalic%2C600%2C600italic%2C700%2C700italic%2C900|font_style:700%20bold%20regular%3A700%3Anormal&#8221; css=&#8221;.vc_custom_1499761235544{padding-top: 250px !important;padding-bottom: 250px !important;background-image: url(http:\/\/killthetv.com\/neweb\/wp-content\/uploads\/FOTO-FRASES-5.jpg?id=2021) !important;}&#8221;][vc_custom_heading text=&#8221;\u00abSie ist ein Model und sie sieht gut aus<br \/>\nIch n\u00e4hm sie heut gerne mit zu mir nach Haus\u00bb<br \/>\nKRAFTWERK, &#8216;DAS MODEL'&#8221; font_container=&#8221;tag:div|font_size:48|text_align:center|color:%23ffffff&#8221; google_fonts=&#8221;font_family:Titillium%20Web%3A200%2C200italic%2C300%2C300italic%2Cregular%2Citalic%2C600%2C600italic%2C700%2C700italic%2C900|font_style:700%20bold%20regular%3A700%3Anormal&#8221; css=&#8221;.vc_custom_1499761259541{padding-top: 250px !important;padding-bottom: 250px !important;background-image: url(http:\/\/killthetv.com\/neweb\/wp-content\/uploads\/FOTO-FRASES-6.jpg?id=2022) !important;}&#8221;][vc_custom_heading text=&#8221;\u00abI&#8217;m pickin&#8217; up good vibrations<br \/>\nShe&#8217;s giving me excitations\u00bb<br \/>\nBEACH BOYS, &#8216;GOOD VIBRATIONS'&#8221; font_container=&#8221;tag:div|font_size:48|text_align:center|color:%23ffffff&#8221; google_fonts=&#8221;font_family:Titillium%20Web%3A200%2C200italic%2C300%2C300italic%2Cregular%2Citalic%2C600%2C600italic%2C700%2C700italic%2C900|font_style:700%20bold%20regular%3A700%3Anormal&#8221; css=&#8221;.vc_custom_1499761280404{padding-top: 250px !important;padding-bottom: 250px !important;background-image: url(http:\/\/killthetv.com\/neweb\/wp-content\/uploads\/FOTO-FRASES-2.jpg?id=2018) !important;}&#8221;][vc_custom_heading text=&#8221;\u00abOh, benvinguts, passeu passeu, de les tristors en farem fum,<br \/>\na casa meva \u00e9s casa vostra si que hi ha cases d&#8217;alg\u00fa\u00bb<br \/>\nJAUME SISA, &#8216;QUALSEVOL NIT POT SORTIR EL SOL'&#8221; font_container=&#8221;tag:div|font_size:48|text_align:center|color:%23ffffff&#8221; google_fonts=&#8221;font_family:Titillium%20Web%3A200%2C200italic%2C300%2C300italic%2Cregular%2Citalic%2C600%2C600italic%2C700%2C700italic%2C900|font_style:700%20bold%20regular%3A700%3Anormal&#8221; css=&#8221;.vc_custom_1499761310197{padding-top: 250px !important;padding-bottom: 250px !important;background-image: url(http:\/\/killthetv.com\/neweb\/wp-content\/uploads\/FOTO-FRASES-7.jpg?id=2023) !important;}&#8221;][vc_custom_heading text=&#8221;\u00abQuel le ciel me tombera sur la t\u00eate\u2028et que l&#8217;alcool me manquera\u2028hou! hou!<br \/>\nhou! hou!\u2028\u00e7a plane pour moi\u00bb<br \/>\nPLASTIC BERTRAND, &#8216;\u00c7A PLAN POUR MOI'&#8221; font_container=&#8221;tag:div|font_size:48|text_align:center|color:%23ffffff&#8221; google_fonts=&#8221;font_family:Titillium%20Web%3A200%2C200italic%2C300%2C300italic%2Cregular%2Citalic%2C600%2C600italic%2C700%2C700italic%2C900|font_style:700%20bold%20regular%3A700%3Anormal&#8221; css=&#8221;.vc_custom_1499761336222{padding-top: 250px !important;padding-bottom: 250px !important;background-image: url(http:\/\/killthetv.com\/neweb\/wp-content\/uploads\/FOTO-FRASES-4.jpg?id=2020) !important;}&#8221;][vc_custom_heading text=&#8221;\u00abEl m\u00e9dico me dijo que quitara el caf\u00e9 de mi vida,<br \/>\ns\u00f3lo tomo tres tazas al d\u00eda y el est\u00e1 muerto y yo viva\u00bb<br \/>\nJOE CREP\u00daSCULO, &#8216;MI F\u00c1BRICA DE BAILE'&#8221; font_container=&#8221;tag:div|font_size:48|text_align:center|color:%23ffffff&#8221; google_fonts=&#8221;font_family:Titillium%20Web%3A200%2C200italic%2C300%2C300italic%2Cregular%2Citalic%2C600%2C600italic%2C700%2C700italic%2C900|font_style:700%20bold%20regular%3A700%3Anormal&#8221; css=&#8221;.vc_custom_1499761362637{padding-top: 250px !important;padding-bottom: 250px !important;background-image: url(http:\/\/killthetv.com\/neweb\/wp-content\/uploads\/FOTOS-FRASES-12.jpg?id=2028) !important;}&#8221;][vc_custom_heading text=&#8221;\u00abThere&#8217;s a starman waiting in the sky<br \/>\nHe&#8217;d like to come and meet us<br \/>\nBut he thinks he&#8217;d blow our minds\u00bb<br \/>\nDAVID BOWIE, &#8216;STARMAN'&#8221; font_container=&#8221;tag:div|font_size:48|text_align:center|color:%23ffffff&#8221; google_fonts=&#8221;font_family:Titillium%20Web%3A200%2C200italic%2C300%2C300italic%2Cregular%2Citalic%2C600%2C600italic%2C700%2C700italic%2C900|font_style:700%20bold%20regular%3A700%3Anormal&#8221; css=&#8221;.vc_custom_1499761382143{padding-top: 250px !important;padding-bottom: 250px !important;background-image: url(http:\/\/killthetv.com\/neweb\/wp-content\/uploads\/FOTO-FRASES-3.jpg?id=2019) !important;}&#8221;][vc_custom_heading text=&#8221;\u00abTota la vida la passaria als teus ulls.<br \/>\nVora la riba, prenen-te fotos a contrallum\u00bb<br \/>\nGENER, &#8216;CONTRALLUM'&#8221; font_container=&#8221;tag:div|font_size:48|text_align:center|color:%23ffffff&#8221; google_fonts=&#8221;font_family:Titillium%20Web%3A200%2C200italic%2C300%2C300italic%2Cregular%2Citalic%2C600%2C600italic%2C700%2C700italic%2C900|font_style:700%20bold%20regular%3A700%3Anormal&#8221; css=&#8221;.vc_custom_1499761399250{padding-top: 250px !important;padding-bottom: 250px !important;background-image: url(http:\/\/killthetv.com\/neweb\/wp-content\/uploads\/FOTO-FRASES-8.jpg?id=2024) !important;}&#8221;]<\/div><\/div>\t\t\t<script type=\"text\/javascript\">\r\n\t\t\t\tjQuery(document).ready(function ($) {\r\n\t\t\t\t\tif( typeof jQuery('.ult-carousel-180279855169e8b54dc788a').slick == \"function\"){\r\n\t\t\t\t\t\t$('.ult-carousel-180279855169e8b54dc788a').slick({dots: false,autoplay: true,autoplaySpeed: 4000,speed: 1500,infinite: true,arrows: false,slidesToScroll:1,slidesToShow:1,swipe: true,draggable: true,touchMove: true,pauseOnHover: true,pauseOnFocus: false,responsive: [\r\n\t\t\t\t\t\t\t{\r\n\t\t\t\t\t\t\t  breakpoint: 1026,\r\n\t\t\t\t\t\t\t  settings: {\r\n\t\t\t\t\t\t\t\tslidesToShow: 1,\r\n\t\t\t\t\t\t\t\tslidesToScroll: 1,  \r\n\t\t\t\t\t\t\t  }\r\n\t\t\t\t\t\t\t},\r\n\t\t\t\t\t\t\t{\r\n\t\t\t\t\t\t\t  breakpoint: 1025,\r\n\t\t\t\t\t\t\t  settings: {\r\n\t\t\t\t\t\t\t\tslidesToShow: 1,\r\n\t\t\t\t\t\t\t\tslidesToScroll: 1\r\n\t\t\t\t\t\t\t  }\r\n\t\t\t\t\t\t\t},\r\n\t\t\t\t\t\t\t{\r\n\t\t\t\t\t\t\t  breakpoint: 760,\r\n\t\t\t\t\t\t\t  settings: {\r\n\t\t\t\t\t\t\t\tslidesToShow: 1,\r\n\t\t\t\t\t\t\t\tslidesToScroll: 1\r\n\t\t\t\t\t\t\t  }\r\n\t\t\t\t\t\t\t}\r\n\t\t\t\t\t\t],pauseOnDotsHover: true,customPaging: function(slider, i) {\r\n                   return '<i type=\"button\" style= \"color:#333333;\" class=\"ultsl-record\" data-role=\"none\"><\/i>';\r\n                },});\r\n\t\t\t\t\t}\r\n\t\t\t\t});\r\n\t\t\t<\/script>\r\n\t\t\t[\/vc_column][\/vc_row][vc_row 0=&#8221;&#8221;][vc_column 0=&#8221;&#8221;][vc_empty_space 0=&#8221;&#8221;][vc_custom_heading text=&#8221;Don&#8217;t Kill the clients&#8221; font_container=&#8221;tag:h1|text_align:center&#8221; use_theme_fonts=&#8221;yes&#8221;][vc_empty_space 0=&#8221;&#8221;][vc_images_carousel images=&#8221;1925,1924,1928,1929,1927,1926,1923&#8243; img_size=&#8221;large&#8221; onclick=&#8221;custom_link&#8221; custom_links_target=&#8221;_blank&#8221; speed=&#8221;2000&#8243; slides_per_view=&#8221;4&#8243; autoplay=&#8221;yes&#8221; hide_pagination_control=&#8221;yes&#8221; hide_prev_next_buttons=&#8221;yes&#8221; wrap=&#8221;yes&#8221;][\/vc_column][\/vc_row]<\/p>","protected":false},"excerpt":{"rendered":"<p>[vc_row 0=&#8221;&#8221;][vc_column 0=&#8221;&#8221;][vc_column_text 0=&#8221;&#8221;]David Bowie encouraged us to be heroes (just for one day), Lou Reed taught us to walk on the wild side of life and Kraftwerk made us love computers. When we aren&#8217;t letting our hair down on the front row of a concert or twisting and turning our bodies on a dance [&hellip;]<\/p>\n","protected":false},"author":1,"featured_media":0,"parent":0,"menu_order":3,"comment_status":"closed","ping_status":"closed","template":"","meta":[],"_links":{"self":[{"href":"http:\/\/killthetv.com\/en\/wp-json\/wp\/v2\/pages\/729"}],"collection":[{"href":"http:\/\/killthetv.com\/en\/wp-json\/wp\/v2\/pages"}],"about":[{"href":"http:\/\/killthetv.com\/en\/wp-json\/wp\/v2\/types\/page"}],"author":[{"embeddable":true,"href":"http:\/\/killthetv.com\/en\/wp-json\/wp\/v2\/users\/1"}],"replies":[{"embeddable":true,"href":"http:\/\/killthetv.com\/en\/wp-json\/wp\/v2\/comments?post=729"}],"version-history":[{"count":66,"href":"http:\/\/killthetv.com\/en\/wp-json\/wp\/v2\/pages\/729\/revisions"}],"predecessor-version":[{"id":2448,"href":"http:\/\/killthetv.com\/en\/wp-json\/wp\/v2\/pages\/729\/revisions\/2448"}],"wp:attachment":[{"href":"http:\/\/killthetv.com\/en\/wp-json\/wp\/v2\/media?parent=729"}],"curies":[{"name":"wp","href":"https:\/\/api.w.org\/{rel}","templated":true}]}}